{"id":1533,"date":"2025-07-08T17:41:01","date_gmt":"2025-07-08T17:41:01","guid":{"rendered":"https:\/\/orangejulep.ca\/notre-histoire\/"},"modified":"2025-08-01T15:32:40","modified_gmt":"2025-08-01T15:32:40","slug":"notre-histoire","status":"publish","type":"page","link":"https:\/\/orangejulep.ca\/fr\/notre-histoire\/","title":{"rendered":"Notre histoire"},"content":{"rendered":"\t\t<div data-elementor-type=\"wp-page\" data-elementor-id=\"1533\" class=\"elementor elementor-1533 elementor-18\">\n\t\t\t\t<div class=\"elementor-element elementor-element-7adc892 e-flex e-con-boxed e-con e-parent\" data-id=\"7adc892\" data-element_type=\"container\" data-e-type=\"container\" data-settings=\"{&quot;background_background&quot;:&quot;classic&quot;}\">\n\t\t\t\t\t<div class=\"e-con-inner\">\n\t\t\t\t<div class=\"elementor-element elementor-element-10feecd elementor-widget elementor-widget-tp-post-title\" data-id=\"10feecd\" data-element_type=\"widget\" data-e-type=\"widget\" data-widget_type=\"tp-post-title.default\">\n\t\t\t\t\t<div class=\"tp-post-title\"><h1 class=\"tp-entry-title \">Notre histoire<\/h1><\/div>\t\t\t\t<\/div>\n\t\t\t\t\t<\/div>\n\t\t\t\t<\/div>\n\t\t<div class=\"elementor-element elementor-element-35bc94e e-flex e-con-boxed e-con e-parent\" data-id=\"35bc94e\" data-element_type=\"container\" data-e-type=\"container\">\n\t\t\t\t\t<div class=\"e-con-inner\">\n\t\t<div class=\"elementor-element elementor-element-d3b0837 e-con-full e-flex e-con e-child\" data-id=\"d3b0837\" data-element_type=\"container\" data-e-type=\"container\">\n\t\t<div class=\"elementor-element elementor-element-0073036 e-con-full e-flex e-con e-child\" data-id=\"0073036\" data-element_type=\"container\" data-e-type=\"container\">\n\t\t<div class=\"elementor-element elementor-element-0f8e5cf e-con-full e-flex e-con e-child\" data-id=\"0f8e5cf\" data-element_type=\"container\" data-e-type=\"container\">\n\t\t\t\t<div class=\"elementor-element elementor-element-fad2051 elementor-widget-laptop__width-initial elementor-widget__width-auto elementor-widget elementor-widget-heading\" data-id=\"fad2051\" data-element_type=\"widget\" data-e-type=\"widget\" data-widget_type=\"heading.default\">\n\t\t\t\t\t<h2 class=\"elementor-heading-title elementor-size-default\">Notre histoire<\/h2>\t\t\t\t<\/div>\n\t\t\t\t<div class=\"elementor-element elementor-element-5b5bf9b elementor-widget__width-auto elementor-widget-divider--view-line elementor-widget elementor-widget-divider\" data-id=\"5b5bf9b\" data-element_type=\"widget\" data-e-type=\"widget\" data-widget_type=\"divider.default\">\n\t\t\t\t\t\t\t<div class=\"elementor-divider\">\n\t\t\t<span class=\"elementor-divider-separator\">\n\t\t\t\t\t\t<\/span>\n\t\t<\/div>\n\t\t\t\t\t\t<\/div>\n\t\t\t\t<\/div>\n\t\t\t\t<div class=\"elementor-element elementor-element-49022a6 elementor-widget elementor-widget-text-editor\" data-id=\"49022a6\" data-element_type=\"widget\" data-e-type=\"widget\" data-widget_type=\"text-editor.default\">\n\t\t\t\t\t\t\t\t\t<p>En 1932, Hermas Gibeau ouvre sa premi\u00e8re boutique conventionnelle sur le boulevard Saint-Laurent, pr\u00e8s du Vieux-Port de Montr\u00e9al, o\u00f9 il vend son d\u00e9licieux Orange Julep. En semaine, les affaires vont bon train, son Orange Julep est un succ\u00e8s ! Face \u00e0 la faible fr\u00e9quentation de la zone les week-ends, M. Gibeau a pris une d\u00e9cision qui allait changer \u00e0 jamais l&rsquo;exp\u00e9rience Julep. S&rsquo;inspirant de sa boisson Orange Julep, Hermas a pris l&rsquo;audacieuse d\u00e9cision de donner \u00e0 son b\u00e2timent la forme d&rsquo;un fruit orange.<\/p>\t\t\t\t\t\t\t\t<\/div>\n\t\t\t\t<\/div>\n\t\t<div class=\"elementor-element elementor-element-0c12c0b e-con-full e-flex e-con e-child\" data-id=\"0c12c0b\" data-element_type=\"container\" data-e-type=\"container\" data-settings=\"{&quot;background_background&quot;:&quot;classic&quot;}\">\n\t\t\t\t<div class=\"elementor-element elementor-element-74c2f42 elementor-hidden-desktop elementor-hidden-laptop elementor-hidden-tablet_extra elementor-widget elementor-widget-image\" data-id=\"74c2f42\" data-element_type=\"widget\" data-e-type=\"widget\" data-widget_type=\"image.default\">\n\t\t\t\t\t\t\t\t\t\t\t\t\t\t\t<img fetchpriority=\"high\" decoding=\"async\" width=\"1235\" height=\"678\" src=\"https:\/\/orangejulep.ca\/wp-content\/uploads\/2025\/07\/Mr-Gibaue.png\" class=\"attachment-full size-full wp-image-1430\" alt=\"\" srcset=\"https:\/\/orangejulep.ca\/wp-content\/uploads\/2025\/07\/Mr-Gibaue.png 1235w, https:\/\/orangejulep.ca\/wp-content\/uploads\/2025\/07\/Mr-Gibaue-300x165.png 300w, https:\/\/orangejulep.ca\/wp-content\/uploads\/2025\/07\/Mr-Gibaue-1024x562.png 1024w, https:\/\/orangejulep.ca\/wp-content\/uploads\/2025\/07\/Mr-Gibaue-768x422.png 768w\" sizes=\"(max-width: 1235px) 100vw, 1235px\" \/>\t\t\t\t\t\t\t\t\t\t\t\t\t\t\t<\/div>\n\t\t\t\t<div class=\"elementor-element elementor-element-f033531 elementor-absolute elementor-widget elementor-widget-heading\" data-id=\"f033531\" data-element_type=\"widget\" data-e-type=\"widget\" data-settings=\"{&quot;_position&quot;:&quot;absolute&quot;}\" data-widget_type=\"heading.default\">\n\t\t\t\t\t<span class=\"elementor-heading-title elementor-size-default\">M. HERMAS GIBEAU<\/span>\t\t\t\t<\/div>\n\t\t\t\t<\/div>\n\t\t\t\t<\/div>\n\t\t\t\t\t<\/div>\n\t\t\t\t<\/div>\n\t\t<div class=\"elementor-element elementor-element-3769e1b e-flex e-con-boxed e-con e-parent\" data-id=\"3769e1b\" data-element_type=\"container\" data-e-type=\"container\" data-settings=\"{&quot;background_background&quot;:&quot;classic&quot;}\">\n\t\t\t\t\t<div class=\"e-con-inner\">\n\t\t<div class=\"elementor-element elementor-element-2d4c3e7 e-con-full e-flex e-con e-child\" data-id=\"2d4c3e7\" data-element_type=\"container\" data-e-type=\"container\">\n\t\t\t\t<div class=\"elementor-element elementor-element-881b7eb elementor-widget__width-auto elementor-widget-divider--view-line elementor-widget elementor-widget-divider\" data-id=\"881b7eb\" data-element_type=\"widget\" data-e-type=\"widget\" data-widget_type=\"divider.default\">\n\t\t\t\t\t\t\t<div class=\"elementor-divider\">\n\t\t\t<span class=\"elementor-divider-separator\">\n\t\t\t\t\t\t<\/span>\n\t\t<\/div>\n\t\t\t\t\t\t<\/div>\n\t\t\t\t<div class=\"elementor-element elementor-element-015b889 elementor-widget__width-auto elementor-widget elementor-widget-heading\" data-id=\"015b889\" data-element_type=\"widget\" data-e-type=\"widget\" data-widget_type=\"heading.default\">\n\t\t\t\t\t<h2 class=\"elementor-heading-title elementor-size-default\">Le commencement<\/h2>\t\t\t\t<\/div>\n\t\t\t\t<div class=\"elementor-element elementor-element-c0b93e7 elementor-widget__width-auto elementor-widget-divider--view-line elementor-widget elementor-widget-divider\" data-id=\"c0b93e7\" data-element_type=\"widget\" data-e-type=\"widget\" data-widget_type=\"divider.default\">\n\t\t\t\t\t\t\t<div class=\"elementor-divider\">\n\t\t\t<span class=\"elementor-divider-separator\">\n\t\t\t\t\t\t<\/span>\n\t\t<\/div>\n\t\t\t\t\t\t<\/div>\n\t\t\t\t<\/div>\n\t\t\t\t<div class=\"elementor-element elementor-element-b270a31 elementor-widget__width-initial elementor-widget elementor-widget-text-editor\" data-id=\"b270a31\" data-element_type=\"widget\" data-e-type=\"widget\" data-widget_type=\"text-editor.default\">\n\t\t\t\t\t\t\t\t\t<p>C&rsquo;est \u00e0 cet endroit qu&rsquo;il a trouv\u00e9 son premier \u00ab\u00a0Grosse Orange\u00a0\u00bb permanent ! De 1947 \u00e0 1963, son Orange est devenu le restaurant \u00ab\u00a0drive in\u00a0\u00bb le plus connu de la r\u00e9gion. Les Montr\u00e9alais ont r\u00e9pondu en masse, faisant conna\u00eetre et aimer son Julep depuis des g\u00e9n\u00e9rations. Alors que Montr\u00e9al se d\u00e9veloppe en m\u00eame temps que son entreprise, la ville se pr\u00e9pare \u00e0 accueillir l&rsquo;Expo 67. Le trafic attendu pour l&rsquo;Expo a n\u00e9cessit\u00e9 l&rsquo;\u00e9largissement de l&rsquo;autoroute. Malheureusement, son Orange bien-aim\u00e9 a \u00e9t\u00e9 expropri\u00e9 pour la construction de la nouvelle voie rapide d\u00e9carie, ce qui a mis fin \u00e0 la route \u00e0 grande circulation du Sunset Strip et l&rsquo;a transform\u00e9 en voie de service.<\/p>\t\t\t\t\t\t\t\t<\/div>\n\t\t<div class=\"elementor-element elementor-element-ddd6e74 e-con-full e-flex e-con e-child\" data-id=\"ddd6e74\" data-element_type=\"container\" data-e-type=\"container\">\n\t\t<div class=\"elementor-element elementor-element-0de1ce4 e-con-full e-flex e-con e-child\" data-id=\"0de1ce4\" data-element_type=\"container\" data-e-type=\"container\">\n\t\t\t\t<div class=\"elementor-element elementor-element-68cc645 elementor-widget elementor-widget-text-editor\" data-id=\"68cc645\" data-element_type=\"widget\" data-e-type=\"widget\" data-widget_type=\"text-editor.default\">\n\t\t\t\t\t\t\t\t\t<p>Sans se laisser d\u00e9courager et toujours en faveur de son spectaculaire Orange Julep, M. Gibeau a achet\u00e9 un terrain \u00e0 proximit\u00e9, au 7700 Decarie, en 1964, et a construit ce que vous voyez aujourd&rsquo;hui comme la plus grande sph\u00e8re d&rsquo;orange au monde ! Son concept d&rsquo;agrandissement a \u00e9t\u00e9 couronn\u00e9 de succ\u00e8s, depuis sa sph\u00e8re de 30 pieds en 1947 jusqu&rsquo;\u00e0 sa \u00ab\u00a0Grosse Orange\u00a0\u00bb de pr\u00e8s de 60 pieds en 1964. Pendant un certain temps, il a brill\u00e9 dans l&rsquo;obscurit\u00e9 gr\u00e2ce \u00e0 ses panneaux translucides qui rayonnaient \u00e0 la vue de tous. Les pilotes des compagnies a\u00e9riennes commerciales faisaient remarquer qu&rsquo;ils utilisaient la Grosse Orange\u00a0comme marqueur d&rsquo;atterrissage lors de l&rsquo;approche, en raison de sa taille et de sa visibilit\u00e9.<\/p>\t\t\t\t\t\t\t\t<\/div>\n\t\t\t\t<\/div>\n\t\t<div class=\"elementor-element elementor-element-a7d5c06 e-con-full e-flex e-con e-child\" data-id=\"a7d5c06\" data-element_type=\"container\" data-e-type=\"container\">\n\t\t\t\t<div class=\"elementor-element elementor-element-6639b25 elementor-widget elementor-widget-image\" data-id=\"6639b25\" data-element_type=\"widget\" data-e-type=\"widget\" data-widget_type=\"image.default\">\n\t\t\t\t\t\t\t\t\t\t\t\t\t\t\t<img decoding=\"async\" width=\"408\" height=\"265\" src=\"https:\/\/orangejulep.ca\/wp-content\/uploads\/2025\/07\/Orange-construction.webp\" class=\"attachment-full size-full wp-image-1437\" alt=\"\" srcset=\"https:\/\/orangejulep.ca\/wp-content\/uploads\/2025\/07\/Orange-construction.webp 408w, https:\/\/orangejulep.ca\/wp-content\/uploads\/2025\/07\/Orange-construction-300x195.webp 300w\" sizes=\"(max-width: 408px) 100vw, 408px\" \/>\t\t\t\t\t\t\t\t\t\t\t\t\t\t\t<\/div>\n\t\t\t\t<\/div>\n\t\t\t\t<\/div>\n\t\t\t\t\t<\/div>\n\t\t\t\t<\/div>\n\t\t<div class=\"elementor-element elementor-element-05f3d0a e-flex e-con-boxed e-con e-parent\" data-id=\"05f3d0a\" data-element_type=\"container\" data-e-type=\"container\">\n\t\t\t\t\t<div class=\"e-con-inner\">\n\t\t<div class=\"elementor-element elementor-element-cbd44af e-con-full e-flex e-con e-child\" data-id=\"cbd44af\" data-element_type=\"container\" data-e-type=\"container\">\n\t\t<div class=\"elementor-element elementor-element-f021180 e-con-full e-flex e-con e-child\" data-id=\"f021180\" data-element_type=\"container\" data-e-type=\"container\" data-settings=\"{&quot;background_background&quot;:&quot;classic&quot;}\">\n\t\t\t\t<div class=\"elementor-element elementor-element-882ace7 elementor-widget elementor-widget-image\" data-id=\"882ace7\" data-element_type=\"widget\" data-e-type=\"widget\" data-widget_type=\"image.default\">\n\t\t\t\t\t\t\t\t\t\t\t\t\t\t\t<img decoding=\"async\" width=\"258\" height=\"193\" src=\"https:\/\/orangejulep.ca\/wp-content\/uploads\/2025\/07\/Sherbrooke-Street-East-Mid-1930s.webp\" class=\"attachment-full size-full wp-image-1438\" alt=\"\" \/>\t\t\t\t\t\t\t\t\t\t\t\t\t\t\t<\/div>\n\t\t\t\t<div class=\"elementor-element elementor-element-4b73229 elementor-widget__width-initial elementor-widget elementor-widget-heading\" data-id=\"4b73229\" data-element_type=\"widget\" data-e-type=\"widget\" data-widget_type=\"heading.default\">\n\t\t\t\t\t<h2 class=\"elementor-heading-title elementor-size-default\">Rue Sherbrooke Est <br>\n<b style=\"color:#1EB802\">\n1930\n<\/b>\n<\/h2>\t\t\t\t<\/div>\n\t\t\t\t<\/div>\n\t\t<div class=\"elementor-element elementor-element-1463f72 e-con-full e-flex e-con e-child\" data-id=\"1463f72\" data-element_type=\"container\" data-e-type=\"container\" data-settings=\"{&quot;background_background&quot;:&quot;classic&quot;}\">\n\t\t\t\t<div class=\"elementor-element elementor-element-8ad2ed9 elementor-widget elementor-widget-image\" data-id=\"8ad2ed9\" data-element_type=\"widget\" data-e-type=\"widget\" data-widget_type=\"image.default\">\n\t\t\t\t\t\t\t\t\t\t\t\t\t\t\t<img loading=\"lazy\" decoding=\"async\" width=\"259\" height=\"193\" src=\"https:\/\/orangejulep.ca\/wp-content\/uploads\/2025\/07\/Builds-first-permanent-Big-Orange-1947.webp\" class=\"attachment-full size-full wp-image-1439\" alt=\"\" \/>\t\t\t\t\t\t\t\t\t\t\t\t\t\t\t<\/div>\n\t\t\t\t<div class=\"elementor-element elementor-element-ea75da4 elementor-widget elementor-widget-heading\" data-id=\"ea75da4\" data-element_type=\"widget\" data-e-type=\"widget\" data-widget_type=\"heading.default\">\n\t\t\t\t\t<h2 class=\"elementor-heading-title elementor-size-default\">Construction du premier \"Grosse Orange\" permanent <br>\n<b style=\"color:#1EB802\">\n1947\n<\/b>\n<\/h2>\t\t\t\t<\/div>\n\t\t\t\t<\/div>\n\t\t<div class=\"elementor-element elementor-element-dfea013 e-con-full e-flex e-con e-child\" data-id=\"dfea013\" data-element_type=\"container\" data-e-type=\"container\" data-settings=\"{&quot;background_background&quot;:&quot;classic&quot;}\">\n\t\t\t\t<div class=\"elementor-element elementor-element-629261b elementor-widget elementor-widget-image\" data-id=\"629261b\" data-element_type=\"widget\" data-e-type=\"widget\" data-widget_type=\"image.default\">\n\t\t\t\t\t\t\t\t\t\t\t\t\t\t\t<img loading=\"lazy\" decoding=\"async\" width=\"271\" height=\"195\" src=\"https:\/\/orangejulep.ca\/wp-content\/uploads\/2025\/07\/Orange-Julep-1963.webp\" class=\"attachment-full size-full wp-image-1440\" alt=\"\" \/>\t\t\t\t\t\t\t\t\t\t\t\t\t\t\t<\/div>\n\t\t\t\t<div class=\"elementor-element elementor-element-2f9fc2d elementor-widget__width-initial elementor-widget elementor-widget-heading\" data-id=\"2f9fc2d\" data-element_type=\"widget\" data-e-type=\"widget\" data-widget_type=\"heading.default\">\n\t\t\t\t\t<h2 class=\"elementor-heading-title elementor-size-default\">Orange Julep <br>\n<strong style=\"color:#1EB802\">\n 1963\n<\/strong>\n<\/h2>\t\t\t\t<\/div>\n\t\t\t\t<\/div>\n\t\t\t\t<\/div>\n\t\t\t\t\t<\/div>\n\t\t\t\t<\/div>\n\t\t\t\t<\/div>\n\t\t","protected":false},"excerpt":{"rendered":"<p>Notre histoire Notre histoire En 1932, Hermas Gibeau ouvre sa premi?re boutique conventionnelle sur le boulevard Saint-Laurent, pr?s du Vieux-Port [&hellip;]<\/p>\n","protected":false},"author":1,"featured_media":0,"parent":0,"menu_order":0,"comment_status":"closed","ping_status":"closed","template":"","meta":{"site-sidebar-layout":"no-sidebar","site-content-layout":"","ast-site-content-layout":"full-width-container","site-content-style":"default","site-sidebar-style":"default","ast-global-header-display":"","ast-banner-title-visibility":"","ast-main-header-display":"","ast-hfb-above-header-display":"","ast-hfb-below-header-display":"","ast-hfb-mobile-header-display":"","site-post-title":"disabled","ast-breadcrumbs-content":"","ast-featured-img":"disabled","footer-sml-layout":"","ast-disable-related-posts":"","theme-transparent-header-meta":"","adv-header-id-meta":"","stick-header-meta":"","header-above-stick-meta":"","header-main-stick-meta":"","header-below-stick-meta":"","astra-migrate-meta-layouts":"default","ast-page-background-enabled":"default","ast-page-background-meta":{"desktop":{"background-color":"var(--ast-global-color-5)","background-image":"","background-repeat":"repeat","background-position":"center center","background-size":"auto","background-attachment":"scroll","background-type":"","background-media":"","overlay-type":"","overlay-color":"","overlay-opacity":"","overlay-gradient":""},"tablet":{"background-color":"","background-image":"","background-repeat":"repeat","background-position":"center center","background-size":"auto","background-attachment":"scroll","background-type":"","background-media":"","overlay-type":"","overlay-color":"","overlay-opacity":"","overlay-gradient":""},"mobile":{"background-color":"","background-image":"","background-repeat":"repeat","background-position":"center center","background-size":"auto","background-attachment":"scroll","background-type":"","background-media":"","overlay-type":"","overlay-color":"","overlay-opacity":"","overlay-gradient":""}},"ast-content-background-meta":{"desktop":{"background-color":"var(--ast-global-color-4)","background-image":"","background-repeat":"repeat","background-position":"center center","background-size":"auto","background-attachment":"scroll","background-type":"","background-media":"","overlay-type":"","overlay-color":"","overlay-opacity":"","overlay-gradient":""},"tablet":{"background-color":"var(--ast-global-color-4)","background-image":"","background-repeat":"repeat","background-position":"center center","background-size":"auto","background-attachment":"scroll","background-type":"","background-media":"","overlay-type":"","overlay-color":"","overlay-opacity":"","overlay-gradient":""},"mobile":{"background-color":"var(--ast-global-color-4)","background-image":"","background-repeat":"repeat","background-position":"center center","background-size":"auto","background-attachment":"scroll","background-type":"","background-media":"","overlay-type":"","overlay-color":"","overlay-opacity":"","overlay-gradient":""}},"footnotes":""},"class_list":["post-1533","page","type-page","status-publish","hentry"],"yoast_head":"<!-- This site is optimized with the Yoast SEO plugin v27.5 - https:\/\/yoast.com\/product\/yoast-seo-wordpress\/ -->\n<title>Histoire du ORANGE JULEP | Un ic\u00f4ne montr\u00e9alais depuis 1932<\/title>\n<meta name=\"description\" content=\"Plongez dans l\u2019histoire du ORANGE JULEP. Depuis 1932, notre d\u00f4me orange et nos recettes r\u00e9tro font partie du paysage montr\u00e9alais.\" \/>\n<meta name=\"robots\" content=\"index, follow, max-snippet:-1, max-image-preview:large, max-video-preview:-1\" \/>\n<link rel=\"canonical\" href=\"https:\/\/orangejulep.ca\/fr\/notre-histoire\/\" \/>\n<meta property=\"og:locale\" content=\"fr_FR\" \/>\n<meta property=\"og:type\" content=\"article\" \/>\n<meta property=\"og:title\" content=\"Histoire du ORANGE JULEP | Un ic\u00f4ne montr\u00e9alais depuis 1932\" \/>\n<meta property=\"og:description\" content=\"Plongez dans l\u2019histoire du ORANGE JULEP. Depuis 1932, notre d\u00f4me orange et nos recettes r\u00e9tro font partie du paysage montr\u00e9alais.\" \/>\n<meta property=\"og:url\" content=\"https:\/\/orangejulep.ca\/fr\/notre-histoire\/\" \/>\n<meta property=\"og:site_name\" content=\"Orange Julep\" \/>\n<meta property=\"article:modified_time\" content=\"2025-08-01T15:32:40+00:00\" \/>\n<meta property=\"og:image\" content=\"https:\/\/orangejulep.ca\/wp-content\/uploads\/2025\/07\/Mr-Gibaue.png\" \/>\n<meta name=\"twitter:card\" content=\"summary_large_image\" \/>\n<meta name=\"twitter:label1\" content=\"Dur\u00e9e de lecture estim\u00e9e\" \/>\n\t<meta name=\"twitter:data1\" content=\"3 minutes\" \/>\n<script type=\"application\/ld+json\" class=\"yoast-schema-graph\">{\"@context\":\"https:\\\/\\\/schema.org\",\"@graph\":[{\"@type\":\"WebPage\",\"@id\":\"https:\\\/\\\/orangejulep.ca\\\/fr\\\/notre-histoire\\\/\",\"url\":\"https:\\\/\\\/orangejulep.ca\\\/fr\\\/notre-histoire\\\/\",\"name\":\"Histoire du ORANGE JULEP | Un ic\u00f4ne montr\u00e9alais depuis 1932\",\"isPartOf\":{\"@id\":\"https:\\\/\\\/orangejulep.ca\\\/#website\"},\"primaryImageOfPage\":{\"@id\":\"https:\\\/\\\/orangejulep.ca\\\/fr\\\/notre-histoire\\\/#primaryimage\"},\"image\":{\"@id\":\"https:\\\/\\\/orangejulep.ca\\\/fr\\\/notre-histoire\\\/#primaryimage\"},\"thumbnailUrl\":\"https:\\\/\\\/orangejulep.ca\\\/wp-content\\\/uploads\\\/2025\\\/07\\\/Mr-Gibaue.png\",\"datePublished\":\"2025-07-08T17:41:01+00:00\",\"dateModified\":\"2025-08-01T15:32:40+00:00\",\"description\":\"Plongez dans l\u2019histoire du ORANGE JULEP. Depuis 1932, notre d\u00f4me orange et nos recettes r\u00e9tro font partie du paysage montr\u00e9alais.\",\"breadcrumb\":{\"@id\":\"https:\\\/\\\/orangejulep.ca\\\/fr\\\/notre-histoire\\\/#breadcrumb\"},\"inLanguage\":\"fr-FR\",\"potentialAction\":[{\"@type\":\"ReadAction\",\"target\":[\"https:\\\/\\\/orangejulep.ca\\\/fr\\\/notre-histoire\\\/\"]}]},{\"@type\":\"ImageObject\",\"inLanguage\":\"fr-FR\",\"@id\":\"https:\\\/\\\/orangejulep.ca\\\/fr\\\/notre-histoire\\\/#primaryimage\",\"url\":\"https:\\\/\\\/orangejulep.ca\\\/wp-content\\\/uploads\\\/2025\\\/07\\\/Mr-Gibaue.png\",\"contentUrl\":\"https:\\\/\\\/orangejulep.ca\\\/wp-content\\\/uploads\\\/2025\\\/07\\\/Mr-Gibaue.png\"},{\"@type\":\"BreadcrumbList\",\"@id\":\"https:\\\/\\\/orangejulep.ca\\\/fr\\\/notre-histoire\\\/#breadcrumb\",\"itemListElement\":[{\"@type\":\"ListItem\",\"position\":1,\"name\":\"Home\",\"item\":\"https:\\\/\\\/orangejulep.ca\\\/fr\\\/\"},{\"@type\":\"ListItem\",\"position\":2,\"name\":\"Notre histoire\"}]},{\"@type\":\"WebSite\",\"@id\":\"https:\\\/\\\/orangejulep.ca\\\/#website\",\"url\":\"https:\\\/\\\/orangejulep.ca\\\/\",\"name\":\"Orange Julep\",\"description\":\"\",\"publisher\":{\"@id\":\"https:\\\/\\\/orangejulep.ca\\\/#organization\"},\"potentialAction\":[{\"@type\":\"SearchAction\",\"target\":{\"@type\":\"EntryPoint\",\"urlTemplate\":\"https:\\\/\\\/orangejulep.ca\\\/?s={search_term_string}\"},\"query-input\":{\"@type\":\"PropertyValueSpecification\",\"valueRequired\":true,\"valueName\":\"search_term_string\"}}],\"inLanguage\":\"fr-FR\"},{\"@type\":\"Organization\",\"@id\":\"https:\\\/\\\/orangejulep.ca\\\/#organization\",\"name\":\"Orange Julep\",\"url\":\"https:\\\/\\\/orangejulep.ca\\\/\",\"logo\":{\"@type\":\"ImageObject\",\"inLanguage\":\"fr-FR\",\"@id\":\"https:\\\/\\\/orangejulep.ca\\\/#\\\/schema\\\/logo\\\/image\\\/\",\"url\":\"https:\\\/\\\/orangejulep.ca\\\/wp-content\\\/uploads\\\/2025\\\/07\\\/orange-jup-logo.png\",\"contentUrl\":\"https:\\\/\\\/orangejulep.ca\\\/wp-content\\\/uploads\\\/2025\\\/07\\\/orange-jup-logo.png\",\"width\":208,\"height\":208,\"caption\":\"Orange Julep\"},\"image\":{\"@id\":\"https:\\\/\\\/orangejulep.ca\\\/#\\\/schema\\\/logo\\\/image\\\/\"}}]}<\/script>\n<!-- \/ Yoast SEO plugin. -->","yoast_head_json":{"title":"Histoire du ORANGE JULEP | Un ic\u00f4ne montr\u00e9alais depuis 1932","description":"Plongez dans l\u2019histoire du ORANGE JULEP. Depuis 1932, notre d\u00f4me orange et nos recettes r\u00e9tro font partie du paysage montr\u00e9alais.","robots":{"index":"index","follow":"follow","max-snippet":"max-snippet:-1","max-image-preview":"max-image-preview:large","max-video-preview":"max-video-preview:-1"},"canonical":"https:\/\/orangejulep.ca\/fr\/notre-histoire\/","og_locale":"fr_FR","og_type":"article","og_title":"Histoire du ORANGE JULEP | Un ic\u00f4ne montr\u00e9alais depuis 1932","og_description":"Plongez dans l\u2019histoire du ORANGE JULEP. Depuis 1932, notre d\u00f4me orange et nos recettes r\u00e9tro font partie du paysage montr\u00e9alais.","og_url":"https:\/\/orangejulep.ca\/fr\/notre-histoire\/","og_site_name":"Orange Julep","article_modified_time":"2025-08-01T15:32:40+00:00","og_image":[{"url":"https:\/\/orangejulep.ca\/wp-content\/uploads\/2025\/07\/Mr-Gibaue.png","type":"","width":"","height":""}],"twitter_card":"summary_large_image","twitter_misc":{"Dur\u00e9e de lecture estim\u00e9e":"3 minutes"},"schema":{"@context":"https:\/\/schema.org","@graph":[{"@type":"WebPage","@id":"https:\/\/orangejulep.ca\/fr\/notre-histoire\/","url":"https:\/\/orangejulep.ca\/fr\/notre-histoire\/","name":"Histoire du ORANGE JULEP | Un ic\u00f4ne montr\u00e9alais depuis 1932","isPartOf":{"@id":"https:\/\/orangejulep.ca\/#website"},"primaryImageOfPage":{"@id":"https:\/\/orangejulep.ca\/fr\/notre-histoire\/#primaryimage"},"image":{"@id":"https:\/\/orangejulep.ca\/fr\/notre-histoire\/#primaryimage"},"thumbnailUrl":"https:\/\/orangejulep.ca\/wp-content\/uploads\/2025\/07\/Mr-Gibaue.png","datePublished":"2025-07-08T17:41:01+00:00","dateModified":"2025-08-01T15:32:40+00:00","description":"Plongez dans l\u2019histoire du ORANGE JULEP. Depuis 1932, notre d\u00f4me orange et nos recettes r\u00e9tro font partie du paysage montr\u00e9alais.","breadcrumb":{"@id":"https:\/\/orangejulep.ca\/fr\/notre-histoire\/#breadcrumb"},"inLanguage":"fr-FR","potentialAction":[{"@type":"ReadAction","target":["https:\/\/orangejulep.ca\/fr\/notre-histoire\/"]}]},{"@type":"ImageObject","inLanguage":"fr-FR","@id":"https:\/\/orangejulep.ca\/fr\/notre-histoire\/#primaryimage","url":"https:\/\/orangejulep.ca\/wp-content\/uploads\/2025\/07\/Mr-Gibaue.png","contentUrl":"https:\/\/orangejulep.ca\/wp-content\/uploads\/2025\/07\/Mr-Gibaue.png"},{"@type":"BreadcrumbList","@id":"https:\/\/orangejulep.ca\/fr\/notre-histoire\/#breadcrumb","itemListElement":[{"@type":"ListItem","position":1,"name":"Home","item":"https:\/\/orangejulep.ca\/fr\/"},{"@type":"ListItem","position":2,"name":"Notre histoire"}]},{"@type":"WebSite","@id":"https:\/\/orangejulep.ca\/#website","url":"https:\/\/orangejulep.ca\/","name":"Orange Julep","description":"","publisher":{"@id":"https:\/\/orangejulep.ca\/#organization"},"potentialAction":[{"@type":"SearchAction","target":{"@type":"EntryPoint","urlTemplate":"https:\/\/orangejulep.ca\/?s={search_term_string}"},"query-input":{"@type":"PropertyValueSpecification","valueRequired":true,"valueName":"search_term_string"}}],"inLanguage":"fr-FR"},{"@type":"Organization","@id":"https:\/\/orangejulep.ca\/#organization","name":"Orange Julep","url":"https:\/\/orangejulep.ca\/","logo":{"@type":"ImageObject","inLanguage":"fr-FR","@id":"https:\/\/orangejulep.ca\/#\/schema\/logo\/image\/","url":"https:\/\/orangejulep.ca\/wp-content\/uploads\/2025\/07\/orange-jup-logo.png","contentUrl":"https:\/\/orangejulep.ca\/wp-content\/uploads\/2025\/07\/orange-jup-logo.png","width":208,"height":208,"caption":"Orange Julep"},"image":{"@id":"https:\/\/orangejulep.ca\/#\/schema\/logo\/image\/"}}]}},"jetpack_sharing_enabled":true,"_links":{"self":[{"href":"https:\/\/orangejulep.ca\/fr\/wp-json\/wp\/v2\/pages\/1533","targetHints":{"allow":["GET"]}}],"collection":[{"href":"https:\/\/orangejulep.ca\/fr\/wp-json\/wp\/v2\/pages"}],"about":[{"href":"https:\/\/orangejulep.ca\/fr\/wp-json\/wp\/v2\/types\/page"}],"author":[{"embeddable":true,"href":"https:\/\/orangejulep.ca\/fr\/wp-json\/wp\/v2\/users\/1"}],"replies":[{"embeddable":true,"href":"https:\/\/orangejulep.ca\/fr\/wp-json\/wp\/v2\/comments?post=1533"}],"version-history":[{"count":35,"href":"https:\/\/orangejulep.ca\/fr\/wp-json\/wp\/v2\/pages\/1533\/revisions"}],"predecessor-version":[{"id":3111,"href":"https:\/\/orangejulep.ca\/fr\/wp-json\/wp\/v2\/pages\/1533\/revisions\/3111"}],"wp:attachment":[{"href":"https:\/\/orangejulep.ca\/fr\/wp-json\/wp\/v2\/media?parent=1533"}],"curies":[{"name":"wp","href":"https:\/\/api.w.org\/{rel}","templated":true}]}}